{"id":5191,"date":"2025-08-06T02:26:24","date_gmt":"2025-08-06T00:26:24","guid":{"rendered":"https:\/\/www.topinvestmentspanama.com\/?page_id=5191"},"modified":"2025-08-06T03:54:23","modified_gmt":"2025-08-06T01:54:23","slug":"services","status":"publish","type":"page","link":"https:\/\/topinvestmentspanama.com\/es\/services\/","title":{"rendered":"Servicios"},"content":{"rendered":"<div data-elementor-type=\"wp-page\" data-elementor-id=\"5191\" class=\"elementor elementor-5191\">\n\t\t\t\t<div class=\"elementor-element elementor-element-fc81185 e-flex e-con-boxed e-con e-parent\" data-id=\"fc81185\" data-element_type=\"container\" data-e-type=\"container\">\n\t\t\t\t\t<div class=\"e-con-inner\">\n\t\t\t\t<div class=\"elementor-element elementor-element-eeb9f3b elementor-widget elementor-widget-text-editor\" data-id=\"eeb9f3b\" data-element_type=\"widget\" data-e-type=\"widget\" data-widget_type=\"text-editor.default\">\n\t\t\t\t<div class=\"elementor-widget-container\">\n\t\t\t\t\t\t\t\t\t<p><span style=\"font-weight: 400;\">En Top Investments Panam\u00e1, nos enorgullecemos de nuestra amplia experiencia y nuestro firme compromiso con la \u00e9tica en el sector inmobiliario. Ubicados en las provincias centrales de Panam\u00e1, ofrecemos una gama integral de servicios para satisfacer todas sus necesidades inmobiliarias.<\/span><\/p><p><span style=\"font-weight: 400;\">Nuestra oferta de servicios incluye:<\/span><\/p>\t\t\t\t\t\t\t\t<\/div>\n\t\t\t\t<\/div>\n\t\t\t\t\t<\/div>\n\t\t\t\t<\/div>\n\t\t<div class=\"elementor-element elementor-element-743b3db e-flex e-con-boxed e-con e-parent\" data-id=\"743b3db\" data-element_type=\"container\" data-e-type=\"container\">\n\t\t\t\t\t<div class=\"e-con-inner\">\n\t\t<div class=\"elementor-element elementor-element-fe991dc e-con-full e-flex e-con e-child\" data-id=\"fe991dc\" data-element_type=\"container\" data-e-type=\"container\">\n\t\t\t\t<div class=\"elementor-element elementor-element-8b272d9 elementor-widget elementor-widget-heading\" data-id=\"8b272d9\" data-element_type=\"widget\" data-e-type=\"widget\" data-widget_type=\"heading.default\">\n\t\t\t\t<div class=\"elementor-widget-container\">\n\t\t\t\t\t<h2 class=\"elementor-heading-title elementor-size-default\">1. Transacciones Inmobiliarias<\/h2>\t\t\t\t<\/div>\n\t\t\t\t<\/div>\n\t\t\t\t<div class=\"elementor-element elementor-element-e43a674 elementor-widget elementor-widget-text-editor\" data-id=\"e43a674\" data-element_type=\"widget\" data-e-type=\"widget\" data-widget_type=\"text-editor.default\">\n\t\t\t\t<div class=\"elementor-widget-container\">\n\t\t\t\t\t\t\t\t\t<p><span style=\"font-weight: 400;\">Ya sea que busque comprar, vender o alquilar, nuestro equipo de expertos est\u00e1 aqu\u00ed para guiarlo en cada paso del proceso, garantizando una experiencia fluida y eficiente.<\/span><\/p>\t\t\t\t\t\t\t\t<\/div>\n\t\t\t\t<\/div>\n\t\t\t\t<\/div>\n\t\t<div class=\"elementor-element elementor-element-6914a84 e-con-full e-flex e-con e-child\" data-id=\"6914a84\" data-element_type=\"container\" data-e-type=\"container\">\n\t\t\t\t<div class=\"elementor-element elementor-element-5b1fa11 elementor-widget elementor-widget-image\" data-id=\"5b1fa11\" data-element_type=\"widget\" data-e-type=\"widget\" data-widget_type=\"image.default\">\n\t\t\t\t<div class=\"elementor-widget-container\">\n\t\t\t\t\t\t\t\t\t\t\t\t\t\t\t<img fetchpriority=\"high\" decoding=\"async\" width=\"640\" height=\"443\" src=\"https:\/\/topinvestmentspanama.com\/wp-content\/uploads\/2025\/08\/real-state-transactions.webp\" class=\"attachment-large size-large wp-image-5194\" alt=\"\" srcset=\"https:\/\/topinvestmentspanama.com\/wp-content\/uploads\/2025\/08\/real-state-transactions.webp 640w, https:\/\/topinvestmentspanama.com\/wp-content\/uploads\/2025\/08\/real-state-transactions-300x208.webp 300w, https:\/\/topinvestmentspanama.com\/wp-content\/uploads\/2025\/08\/real-state-transactions-18x12.webp 18w, https:\/\/topinvestmentspanama.com\/wp-content\/uploads\/2025\/08\/real-state-transactions-150x104.webp 150w\" sizes=\"(max-width: 640px) 100vw, 640px\" \/>\t\t\t\t\t\t\t\t\t\t\t\t\t\t\t<\/div>\n\t\t\t\t<\/div>\n\t\t\t\t<\/div>\n\t\t\t\t\t<\/div>\n\t\t\t\t<\/div>\n\t\t<div class=\"elementor-element elementor-element-ca551f0 e-flex e-con-boxed e-con e-parent\" data-id=\"ca551f0\" data-element_type=\"container\" data-e-type=\"container\">\n\t\t\t\t\t<div class=\"e-con-inner\">\n\t\t<div class=\"elementor-element elementor-element-95ef970 e-con-full e-flex e-con e-child\" data-id=\"95ef970\" data-element_type=\"container\" data-e-type=\"container\">\n\t\t\t\t<div class=\"elementor-element elementor-element-d54ff17 elementor-widget elementor-widget-heading\" data-id=\"d54ff17\" data-element_type=\"widget\" data-e-type=\"widget\" data-widget_type=\"heading.default\">\n\t\t\t\t<div class=\"elementor-widget-container\">\n\t\t\t\t\t<h2 class=\"elementor-heading-title elementor-size-default\">2. Administraci\u00f3n de Proyectos Inmobiliarios<\/h2>\t\t\t\t<\/div>\n\t\t\t\t<\/div>\n\t\t\t\t<div class=\"elementor-element elementor-element-36a8328 elementor-widget elementor-widget-text-editor\" data-id=\"36a8328\" data-element_type=\"widget\" data-e-type=\"widget\" data-widget_type=\"text-editor.default\">\n\t\t\t\t<div class=\"elementor-widget-container\">\n\t\t\t\t\t\t\t\t\t<p><span style=\"font-weight: 400;\">Nos especializamos en supervisar proyectos inmobiliarios desde su concepci\u00f3n hasta su finalizaci\u00f3n, garantizando que sus inversiones se ejecuten de manera eficaz y eficiente.<\/span><\/p>\t\t\t\t\t\t\t\t<\/div>\n\t\t\t\t<\/div>\n\t\t\t\t<\/div>\n\t\t<div class=\"elementor-element elementor-element-dafbcd2 e-con-full e-flex e-con e-child\" data-id=\"dafbcd2\" data-element_type=\"container\" data-e-type=\"container\">\n\t\t\t\t<div class=\"elementor-element elementor-element-9ea1482 elementor-widget elementor-widget-image\" data-id=\"9ea1482\" data-element_type=\"widget\" data-e-type=\"widget\" data-widget_type=\"image.default\">\n\t\t\t\t<div class=\"elementor-widget-container\">\n\t\t\t\t\t\t\t\t\t\t\t\t\t\t\t<img decoding=\"async\" width=\"828\" height=\"509\" src=\"https:\/\/topinvestmentspanama.com\/wp-content\/uploads\/2025\/08\/Real-Estate-Project-Management\u200b.webp\" class=\"attachment-large size-large wp-image-5195\" alt=\"\" srcset=\"https:\/\/topinvestmentspanama.com\/wp-content\/uploads\/2025\/08\/Real-Estate-Project-Management\u200b.webp 1024w, https:\/\/topinvestmentspanama.com\/wp-content\/uploads\/2025\/08\/Real-Estate-Project-Management\u200b-300x184.webp 300w, https:\/\/topinvestmentspanama.com\/wp-content\/uploads\/2025\/08\/Real-Estate-Project-Management\u200b-768x472.webp 768w, https:\/\/topinvestmentspanama.com\/wp-content\/uploads\/2025\/08\/Real-Estate-Project-Management\u200b-18x12.webp 18w, https:\/\/topinvestmentspanama.com\/wp-content\/uploads\/2025\/08\/Real-Estate-Project-Management\u200b-150x92.webp 150w\" sizes=\"(max-width: 828px) 100vw, 828px\" \/>\t\t\t\t\t\t\t\t\t\t\t\t\t\t\t<\/div>\n\t\t\t\t<\/div>\n\t\t\t\t<\/div>\n\t\t\t\t\t<\/div>\n\t\t\t\t<\/div>\n\t\t<div class=\"elementor-element elementor-element-1ab75cb e-flex e-con-boxed e-con e-parent\" data-id=\"1ab75cb\" data-element_type=\"container\" data-e-type=\"container\">\n\t\t\t\t\t<div class=\"e-con-inner\">\n\t\t<div class=\"elementor-element elementor-element-7bdc6bf e-con-full e-flex e-con e-child\" data-id=\"7bdc6bf\" data-element_type=\"container\" data-e-type=\"container\">\n\t\t\t\t<div class=\"elementor-element elementor-element-612c7d2 elementor-widget elementor-widget-heading\" data-id=\"612c7d2\" data-element_type=\"widget\" data-e-type=\"widget\" data-widget_type=\"heading.default\">\n\t\t\t\t<div class=\"elementor-widget-container\">\n\t\t\t\t\t<h2 class=\"elementor-heading-title elementor-size-default\">3. Administraci\u00f3n de Propiedades<\/h2>\t\t\t\t<\/div>\n\t\t\t\t<\/div>\n\t\t\t\t<div class=\"elementor-element elementor-element-89025a5 elementor-widget elementor-widget-text-editor\" data-id=\"89025a5\" data-element_type=\"widget\" data-e-type=\"widget\" data-widget_type=\"text-editor.default\">\n\t\t\t\t<div class=\"elementor-widget-container\">\n\t\t\t\t\t\t\t\t\t<p><span style=\"font-weight: 400;\">Nuestros servicios de administraci\u00f3n de propiedades le ayudar\u00e1n a proteger y aumentar el valor de sus activos inmobiliarios, brind\u00e1ndole tranquilidad y atenci\u00f3n experta.<\/span><\/p>\t\t\t\t\t\t\t\t<\/div>\n\t\t\t\t<\/div>\n\t\t\t\t<\/div>\n\t\t<div class=\"elementor-element elementor-element-9b14591 e-con-full e-flex e-con e-child\" data-id=\"9b14591\" data-element_type=\"container\" data-e-type=\"container\">\n\t\t\t\t<div class=\"elementor-element elementor-element-b02a8c4 elementor-widget elementor-widget-image\" data-id=\"b02a8c4\" data-element_type=\"widget\" data-e-type=\"widget\" data-widget_type=\"image.default\">\n\t\t\t\t<div class=\"elementor-widget-container\">\n\t\t\t\t\t\t\t\t\t\t\t\t\t\t\t<img decoding=\"async\" width=\"1200\" height=\"675\" src=\"https:\/\/topinvestmentspanama.com\/wp-content\/uploads\/2025\/08\/Property-Management_.webp\" class=\"attachment-full size-full wp-image-5196\" alt=\"\" srcset=\"https:\/\/topinvestmentspanama.com\/wp-content\/uploads\/2025\/08\/Property-Management_.webp 1200w, https:\/\/topinvestmentspanama.com\/wp-content\/uploads\/2025\/08\/Property-Management_-300x169.webp 300w, https:\/\/topinvestmentspanama.com\/wp-content\/uploads\/2025\/08\/Property-Management_-1024x576.webp 1024w, https:\/\/topinvestmentspanama.com\/wp-content\/uploads\/2025\/08\/Property-Management_-768x432.webp 768w, https:\/\/topinvestmentspanama.com\/wp-content\/uploads\/2025\/08\/Property-Management_-18x10.webp 18w, https:\/\/topinvestmentspanama.com\/wp-content\/uploads\/2025\/08\/Property-Management_-150x84.webp 150w\" sizes=\"(max-width: 1200px) 100vw, 1200px\" \/>\t\t\t\t\t\t\t\t\t\t\t\t\t\t\t<\/div>\n\t\t\t\t<\/div>\n\t\t\t\t<\/div>\n\t\t\t\t\t<\/div>\n\t\t\t\t<\/div>\n\t\t<div class=\"elementor-element elementor-element-c861da5 e-flex e-con-boxed e-con e-parent\" data-id=\"c861da5\" data-element_type=\"container\" data-e-type=\"container\">\n\t\t\t\t\t<div class=\"e-con-inner\">\n\t\t\t\t<div class=\"elementor-element elementor-element-eb12cbc elementor-widget elementor-widget-text-editor\" data-id=\"eb12cbc\" data-element_type=\"widget\" data-e-type=\"widget\" data-widget_type=\"text-editor.default\">\n\t\t\t\t<div class=\"elementor-widget-container\">\n\t\t\t\t\t\t\t\t\t<p><span style=\"font-weight: 400;\">En Top Investments Panam\u00e1, creemos que la confianza es fundamental en nuestras relaciones y nos comprometemos a ofrecer resultados que se alineen con los objetivos de nuestros clientes. Cont\u00e1ctenos hoy al +(507) 6843-4183 o vis\u00edtenos en nuestras oficinas en Penonom\u00e9, Cocl\u00e9 para conocer m\u00e1s sobre c\u00f3mo podemos ayudarlo.<\/span><\/p>\t\t\t\t\t\t\t\t<\/div>\n\t\t\t\t<\/div>\n\t\t\t\t\t<\/div>\n\t\t\t\t<\/div>\n\t\t\t\t<\/div>","protected":false},"excerpt":{"rendered":"<p>At Top Investments Panama, we pride ourselves on our extensive experience and unwavering commitment to ethics in the real estate industry. Located in the central provinces of Panam\u00e1, we provide a comprehensive range of services to meet all your real estate needs. Our offerings include: 1. Real Estate Transactions Whether you are looking to buy,&#8230;<\/p>","protected":false},"author":1,"featured_media":0,"parent":0,"menu_order":0,"comment_status":"closed","ping_status":"closed","template":"","meta":{"footnotes":""},"class_list":["post-5191","page","type-page","status-publish","hentry"],"_links":{"self":[{"href":"https:\/\/topinvestmentspanama.com\/es\/wp-json\/wp\/v2\/pages\/5191","targetHints":{"allow":["GET"]}}],"collection":[{"href":"https:\/\/topinvestmentspanama.com\/es\/wp-json\/wp\/v2\/pages"}],"about":[{"href":"https:\/\/topinvestmentspanama.com\/es\/wp-json\/wp\/v2\/types\/page"}],"author":[{"embeddable":true,"href":"https:\/\/topinvestmentspanama.com\/es\/wp-json\/wp\/v2\/users\/1"}],"replies":[{"embeddable":true,"href":"https:\/\/topinvestmentspanama.com\/es\/wp-json\/wp\/v2\/comments?post=5191"}],"version-history":[{"count":0,"href":"https:\/\/topinvestmentspanama.com\/es\/wp-json\/wp\/v2\/pages\/5191\/revisions"}],"wp:attachment":[{"href":"https:\/\/topinvestmentspanama.com\/es\/wp-json\/wp\/v2\/media?parent=5191"}],"curies":[{"name":"wp","href":"https:\/\/api.w.org\/{rel}","templated":true}]}}