{"id":5133,"date":"2025-07-20T00:00:30","date_gmt":"2025-07-19T22:00:30","guid":{"rendered":"https:\/\/www.topinvestmentspanama.com\/?page_id=5133"},"modified":"2025-10-16T04:12:04","modified_gmt":"2025-10-16T02:12:04","slug":"social-engagement","status":"publish","type":"page","link":"https:\/\/topinvestmentspanama.com\/es\/social-engagement\/","title":{"rendered":"Compromiso Social"},"content":{"rendered":"<div data-elementor-type=\"wp-page\" data-elementor-id=\"5133\" class=\"elementor elementor-5133\">\n\t\t\t\t<div class=\"elementor-element elementor-element-3d2de82 e-flex e-con-boxed e-con e-parent\" data-id=\"3d2de82\" data-element_type=\"container\" data-e-type=\"container\">\n\t\t\t\t\t<div class=\"e-con-inner\">\n\t\t\t\t<div class=\"elementor-element elementor-element-a5ba21c elementor-widget elementor-widget-heading\" data-id=\"a5ba21c\" data-element_type=\"widget\" data-e-type=\"widget\" data-widget_type=\"heading.default\">\n\t\t\t\t<div class=\"elementor-widget-container\">\n\t\t\t\t\t<h2 class=\"elementor-heading-title elementor-size-default\">Construyendo un futuro mejor juntos<\/h2>\t\t\t\t<\/div>\n\t\t\t\t<\/div>\n\t\t\t\t\t<\/div>\n\t\t\t\t<\/div>\n\t\t<div class=\"elementor-element elementor-element-0c3cdc1 e-flex e-con-boxed e-con e-parent\" data-id=\"0c3cdc1\" data-element_type=\"container\" data-e-type=\"container\">\n\t\t\t\t\t<div class=\"e-con-inner\">\n\t\t<div class=\"elementor-element elementor-element-8e9aac3 e-con-full e-flex e-con e-child\" data-id=\"8e9aac3\" data-element_type=\"container\" data-e-type=\"container\">\n\t\t\t\t<div class=\"elementor-element elementor-element-0cea95f elementor-widget elementor-widget-text-editor\" data-id=\"0cea95f\" data-element_type=\"widget\" data-e-type=\"widget\" data-widget_type=\"text-editor.default\">\n\t\t\t\t<div class=\"elementor-widget-container\">\n\t\t\t\t\t\t\t\t\t<p><strong>En Top Investments Panama, creemos firmemente en la responsabilidad social y en contribuir al bienestar de las comunidades en las que trabajamos.<\/strong><\/p><p>No se trata solo de vender propiedades; se trata de construir hogares sostenibles y apoyar iniciativas que promuevan un cambio positivo. Este es nuestro compromiso social:<\/p>\t\t\t\t\t\t\t\t<\/div>\n\t\t\t\t<\/div>\n\t\t\t\t<\/div>\n\t\t<div class=\"elementor-element elementor-element-8a14e81 e-con-full e-flex e-con e-child\" data-id=\"8a14e81\" data-element_type=\"container\" data-e-type=\"container\">\n\t\t\t\t<div class=\"elementor-element elementor-element-d75c487 elementor-widget elementor-widget-image\" data-id=\"d75c487\" data-element_type=\"widget\" data-e-type=\"widget\" data-widget_type=\"image.default\">\n\t\t\t\t<div class=\"elementor-widget-container\">\n\t\t\t\t\t\t\t\t\t\t\t\t\t\t\t<img fetchpriority=\"high\" decoding=\"async\" width=\"828\" height=\"661\" src=\"https:\/\/topinvestmentspanama.com\/wp-content\/uploads\/2025\/07\/2opt-1024x818.webp\" class=\"attachment-large size-large wp-image-5135\" alt=\"\" srcset=\"https:\/\/topinvestmentspanama.com\/wp-content\/uploads\/2025\/07\/2opt-1024x818.webp 1024w, https:\/\/topinvestmentspanama.com\/wp-content\/uploads\/2025\/07\/2opt-300x240.webp 300w, https:\/\/topinvestmentspanama.com\/wp-content\/uploads\/2025\/07\/2opt-768x614.webp 768w, https:\/\/topinvestmentspanama.com\/wp-content\/uploads\/2025\/07\/2opt-150x120.webp 150w, https:\/\/topinvestmentspanama.com\/wp-content\/uploads\/2025\/07\/2opt.webp 1374w\" sizes=\"(max-width: 828px) 100vw, 828px\" \/>\t\t\t\t\t\t\t\t\t\t\t\t\t\t\t<\/div>\n\t\t\t\t<\/div>\n\t\t\t\t<\/div>\n\t\t\t\t\t<\/div>\n\t\t\t\t<\/div>\n\t\t<div class=\"elementor-element elementor-element-6280b2d e-flex e-con-boxed e-con e-parent\" data-id=\"6280b2d\" data-element_type=\"container\" data-e-type=\"container\">\n\t\t\t\t\t<div class=\"e-con-inner\">\n\t\t<div class=\"elementor-element elementor-element-78bd0bd e-con-full e-flex e-con e-child\" data-id=\"78bd0bd\" data-element_type=\"container\" data-e-type=\"container\">\n\t\t\t\t<div class=\"elementor-element elementor-element-f23438a elementor-widget elementor-widget-image\" data-id=\"f23438a\" data-element_type=\"widget\" data-e-type=\"widget\" data-widget_type=\"image.default\">\n\t\t\t\t<div class=\"elementor-widget-container\">\n\t\t\t\t\t\t\t\t\t\t\t\t\t\t\t<img decoding=\"async\" width=\"828\" height=\"497\" src=\"https:\/\/topinvestmentspanama.com\/wp-content\/uploads\/2025\/10\/sostenibilidad-ambiental.webp\" class=\"attachment-large size-large wp-image-5280\" alt=\"\" srcset=\"https:\/\/topinvestmentspanama.com\/wp-content\/uploads\/2025\/10\/sostenibilidad-ambiental.webp 900w, https:\/\/topinvestmentspanama.com\/wp-content\/uploads\/2025\/10\/sostenibilidad-ambiental-300x180.webp 300w, https:\/\/topinvestmentspanama.com\/wp-content\/uploads\/2025\/10\/sostenibilidad-ambiental-768x461.webp 768w, https:\/\/topinvestmentspanama.com\/wp-content\/uploads\/2025\/10\/sostenibilidad-ambiental-18x12.webp 18w, https:\/\/topinvestmentspanama.com\/wp-content\/uploads\/2025\/10\/sostenibilidad-ambiental-150x90.webp 150w\" sizes=\"(max-width: 828px) 100vw, 828px\" \/>\t\t\t\t\t\t\t\t\t\t\t\t\t\t\t<\/div>\n\t\t\t\t<\/div>\n\t\t\t\t<\/div>\n\t\t<div class=\"elementor-element elementor-element-7940a5b e-con-full e-flex e-con e-child\" data-id=\"7940a5b\" data-element_type=\"container\" data-e-type=\"container\">\n\t\t\t\t<div class=\"elementor-element elementor-element-8117852 elementor-widget elementor-widget-heading\" data-id=\"8117852\" data-element_type=\"widget\" data-e-type=\"widget\" data-widget_type=\"heading.default\">\n\t\t\t\t<div class=\"elementor-widget-container\">\n\t\t\t\t\t<h2 class=\"elementor-heading-title elementor-size-default\">1. Sostenibilidad Ambiental<\/h2>\t\t\t\t<\/div>\n\t\t\t\t<\/div>\n\t\t\t\t<div class=\"elementor-element elementor-element-d9f78f8 elementor-widget elementor-widget-text-editor\" data-id=\"d9f78f8\" data-element_type=\"widget\" data-e-type=\"widget\" data-widget_type=\"text-editor.default\">\n\t\t\t\t<div class=\"elementor-widget-container\">\n\t\t\t\t\t\t\t\t\t<p><strong>Nos comprometemos a fomentar pr\u00e1cticas sostenibles en el desarrollo y la gesti\u00f3n de propiedades.<\/strong><\/p><p><span style=\"font-weight: 400;\">Trabajamos para integrar tecnolog\u00edas verdes, promover la eficiencia energ\u00e9tica y minimizar el impacto ambiental en cada proyecto.<\/span><\/p>\t\t\t\t\t\t\t\t<\/div>\n\t\t\t\t<\/div>\n\t\t\t\t<\/div>\n\t\t\t\t\t<\/div>\n\t\t\t\t<\/div>\n\t\t<div class=\"elementor-element elementor-element-7ecd80c e-flex e-con-boxed e-con e-parent\" data-id=\"7ecd80c\" data-element_type=\"container\" data-e-type=\"container\">\n\t\t\t\t\t<div class=\"e-con-inner\">\n\t\t<div class=\"elementor-element elementor-element-b9ab6f4 e-con-full e-flex e-con e-child\" data-id=\"b9ab6f4\" data-element_type=\"container\" data-e-type=\"container\">\n\t\t\t\t<div class=\"elementor-element elementor-element-5a45bb7 elementor-widget elementor-widget-heading\" data-id=\"5a45bb7\" data-element_type=\"widget\" data-e-type=\"widget\" data-widget_type=\"heading.default\">\n\t\t\t\t<div class=\"elementor-widget-container\">\n\t\t\t\t\t<h2 class=\"elementor-heading-title elementor-size-default\">2. Inclusi\u00f3n y Diversidad<\/h2>\t\t\t\t<\/div>\n\t\t\t\t<\/div>\n\t\t\t\t<div class=\"elementor-element elementor-element-177f920 elementor-widget elementor-widget-text-editor\" data-id=\"177f920\" data-element_type=\"widget\" data-e-type=\"widget\" data-widget_type=\"text-editor.default\">\n\t\t\t\t<div class=\"elementor-widget-container\">\n\t\t\t\t\t\t\t\t\t<p><strong>En Top Investments Panama, valoramos la diversidad y la inclusi\u00f3n en todas las formas.<\/strong><\/p><p><span style=\"font-weight: 400;\">Nos esforzamos por crear comunidades acogedoras, donde personas de diferentes or\u00edgenes y perspectivas se sientan bienvenidas y representadas.<\/span><\/p>\t\t\t\t\t\t\t\t<\/div>\n\t\t\t\t<\/div>\n\t\t\t\t<\/div>\n\t\t<div class=\"elementor-element elementor-element-4a0d06b e-con-full e-flex e-con e-child\" data-id=\"4a0d06b\" data-element_type=\"container\" data-e-type=\"container\">\n\t\t\t\t<div class=\"elementor-element elementor-element-acc506d elementor-widget elementor-widget-image\" data-id=\"acc506d\" data-element_type=\"widget\" data-e-type=\"widget\" data-widget_type=\"image.default\">\n\t\t\t\t<div class=\"elementor-widget-container\">\n\t\t\t\t\t\t\t\t\t\t\t\t\t\t\t<img decoding=\"async\" width=\"828\" height=\"552\" src=\"https:\/\/topinvestmentspanama.com\/wp-content\/uploads\/2025\/10\/inclusion-1024x683.webp\" class=\"attachment-large size-large wp-image-5288\" alt=\"\" srcset=\"https:\/\/topinvestmentspanama.com\/wp-content\/uploads\/2025\/10\/inclusion-1024x683.webp 1024w, https:\/\/topinvestmentspanama.com\/wp-content\/uploads\/2025\/10\/inclusion-300x200.webp 300w, https:\/\/topinvestmentspanama.com\/wp-content\/uploads\/2025\/10\/inclusion-768x512.webp 768w, https:\/\/topinvestmentspanama.com\/wp-content\/uploads\/2025\/10\/inclusion-18x12.webp 18w, https:\/\/topinvestmentspanama.com\/wp-content\/uploads\/2025\/10\/inclusion-150x100.webp 150w, https:\/\/topinvestmentspanama.com\/wp-content\/uploads\/2025\/10\/inclusion-488x326.webp 488w, https:\/\/topinvestmentspanama.com\/wp-content\/uploads\/2025\/10\/inclusion.webp 1079w\" sizes=\"(max-width: 828px) 100vw, 828px\" \/>\t\t\t\t\t\t\t\t\t\t\t\t\t\t\t<\/div>\n\t\t\t\t<\/div>\n\t\t\t\t<\/div>\n\t\t\t\t\t<\/div>\n\t\t\t\t<\/div>\n\t\t<div class=\"elementor-element elementor-element-7f64ac2 e-flex e-con-boxed e-con e-parent\" data-id=\"7f64ac2\" data-element_type=\"container\" data-e-type=\"container\">\n\t\t\t\t\t<div class=\"e-con-inner\">\n\t\t<div class=\"elementor-element elementor-element-d5fafbd e-con-full e-flex e-con e-child\" data-id=\"d5fafbd\" data-element_type=\"container\" data-e-type=\"container\">\n\t\t\t\t<div class=\"elementor-element elementor-element-cf2bd4c elementor-widget elementor-widget-image\" data-id=\"cf2bd4c\" data-element_type=\"widget\" data-e-type=\"widget\" data-widget_type=\"image.default\">\n\t\t\t\t<div class=\"elementor-widget-container\">\n\t\t\t\t\t\t\t\t\t\t\t\t\t\t\t<img loading=\"lazy\" decoding=\"async\" width=\"828\" height=\"550\" src=\"https:\/\/topinvestmentspanama.com\/wp-content\/uploads\/2025\/10\/compromiso-social-1-1024x680.webp\" class=\"attachment-large size-large wp-image-5289\" alt=\"\" srcset=\"https:\/\/topinvestmentspanama.com\/wp-content\/uploads\/2025\/10\/compromiso-social-1-1024x680.webp 1024w, https:\/\/topinvestmentspanama.com\/wp-content\/uploads\/2025\/10\/compromiso-social-1-300x199.webp 300w, https:\/\/topinvestmentspanama.com\/wp-content\/uploads\/2025\/10\/compromiso-social-1-768x510.webp 768w, https:\/\/topinvestmentspanama.com\/wp-content\/uploads\/2025\/10\/compromiso-social-1-1536x1021.webp 1536w, https:\/\/topinvestmentspanama.com\/wp-content\/uploads\/2025\/10\/compromiso-social-1-18x12.webp 18w, https:\/\/topinvestmentspanama.com\/wp-content\/uploads\/2025\/10\/compromiso-social-1-150x100.webp 150w, https:\/\/topinvestmentspanama.com\/wp-content\/uploads\/2025\/10\/compromiso-social-1.webp 1800w\" sizes=\"(max-width: 828px) 100vw, 828px\" \/>\t\t\t\t\t\t\t\t\t\t\t\t\t\t\t<\/div>\n\t\t\t\t<\/div>\n\t\t\t\t<\/div>\n\t\t<div class=\"elementor-element elementor-element-ae1a1b6 e-con-full e-flex e-con e-child\" data-id=\"ae1a1b6\" data-element_type=\"container\" data-e-type=\"container\">\n\t\t\t\t<div class=\"elementor-element elementor-element-dc2fd77 elementor-widget elementor-widget-heading\" data-id=\"dc2fd77\" data-element_type=\"widget\" data-e-type=\"widget\" data-widget_type=\"heading.default\">\n\t\t\t\t<div class=\"elementor-widget-container\">\n\t\t\t\t\t<h2 class=\"elementor-heading-title elementor-size-default\">3. Iniciativas Comunitarias<\/h2>\t\t\t\t<\/div>\n\t\t\t\t<\/div>\n\t\t\t\t<div class=\"elementor-element elementor-element-f438110 elementor-widget elementor-widget-text-editor\" data-id=\"f438110\" data-element_type=\"widget\" data-e-type=\"widget\" data-widget_type=\"text-editor.default\">\n\t\t\t\t<div class=\"elementor-widget-container\">\n\t\t\t\t\t\t\t\t\t<p><strong>Contribuimos activamente al bienestar de las comunidades locales mediante inversiones y colaboraciones.<\/strong><\/p><p><span style=\"font-weight: 400;\">Apoyamos proyectos educativos, culturales y sociales que fortalecen los lazos comunitarios y mejoran la calidad de vida.<\/span><\/p>\t\t\t\t\t\t\t\t<\/div>\n\t\t\t\t<\/div>\n\t\t\t\t<\/div>\n\t\t\t\t\t<\/div>\n\t\t\t\t<\/div>\n\t\t<div class=\"elementor-element elementor-element-f3a7491 e-flex e-con-boxed e-con e-parent\" data-id=\"f3a7491\" data-element_type=\"container\" data-e-type=\"container\">\n\t\t\t\t\t<div class=\"e-con-inner\">\n\t\t<div class=\"elementor-element elementor-element-6a587ac e-con-full e-flex e-con e-child\" data-id=\"6a587ac\" data-element_type=\"container\" data-e-type=\"container\">\n\t\t\t\t<div class=\"elementor-element elementor-element-5b66ff8 elementor-widget elementor-widget-heading\" data-id=\"5b66ff8\" data-element_type=\"widget\" data-e-type=\"widget\" data-widget_type=\"heading.default\">\n\t\t\t\t<div class=\"elementor-widget-container\">\n\t\t\t\t\t<h2 class=\"elementor-heading-title elementor-size-default\">4. Responsabilidad Social Corporativa<\/h2>\t\t\t\t<\/div>\n\t\t\t\t<\/div>\n\t\t\t\t<div class=\"elementor-element elementor-element-291a1a3 elementor-widget elementor-widget-text-editor\" data-id=\"291a1a3\" data-element_type=\"widget\" data-e-type=\"widget\" data-widget_type=\"text-editor.default\">\n\t\t\t\t<div class=\"elementor-widget-container\">\n\t\t\t\t\t\t\t\t\t<p><strong>Nos comprometemos a operar de manera \u00e9tica y responsable.<\/strong><\/p><p><span style=\"font-weight: 400;\">Cumplimos con los m\u00e1s altos est\u00e1ndares \u00e9ticos en todas nuestras transacciones y nos esforzamos por ser un modelo a seguir en la industria.<\/span><\/p>\t\t\t\t\t\t\t\t<\/div>\n\t\t\t\t<\/div>\n\t\t\t\t<\/div>\n\t\t<div class=\"elementor-element elementor-element-1a10b8d e-con-full e-flex e-con e-child\" data-id=\"1a10b8d\" data-element_type=\"container\" data-e-type=\"container\">\n\t\t\t\t<div class=\"elementor-element elementor-element-b5fa170 elementor-widget elementor-widget-image\" data-id=\"b5fa170\" data-element_type=\"widget\" data-e-type=\"widget\" data-widget_type=\"image.default\">\n\t\t\t\t<div class=\"elementor-widget-container\">\n\t\t\t\t\t\t\t\t\t\t\t\t\t\t\t<img loading=\"lazy\" decoding=\"async\" width=\"828\" height=\"552\" src=\"https:\/\/topinvestmentspanama.com\/wp-content\/uploads\/2025\/10\/Responsabilidad-Social-Corporati.webp\" class=\"attachment-large size-large wp-image-5290\" alt=\"\" srcset=\"https:\/\/topinvestmentspanama.com\/wp-content\/uploads\/2025\/10\/Responsabilidad-Social-Corporati.webp 1024w, https:\/\/topinvestmentspanama.com\/wp-content\/uploads\/2025\/10\/Responsabilidad-Social-Corporati-300x200.webp 300w, https:\/\/topinvestmentspanama.com\/wp-content\/uploads\/2025\/10\/Responsabilidad-Social-Corporati-768x512.webp 768w, https:\/\/topinvestmentspanama.com\/wp-content\/uploads\/2025\/10\/Responsabilidad-Social-Corporati-18x12.webp 18w, https:\/\/topinvestmentspanama.com\/wp-content\/uploads\/2025\/10\/Responsabilidad-Social-Corporati-150x100.webp 150w, https:\/\/topinvestmentspanama.com\/wp-content\/uploads\/2025\/10\/Responsabilidad-Social-Corporati-488x326.webp 488w\" sizes=\"(max-width: 828px) 100vw, 828px\" \/>\t\t\t\t\t\t\t\t\t\t\t\t\t\t\t<\/div>\n\t\t\t\t<\/div>\n\t\t\t\t<\/div>\n\t\t\t\t\t<\/div>\n\t\t\t\t<\/div>\n\t\t<div class=\"elementor-element elementor-element-3a4ac33 e-flex e-con-boxed e-con e-parent\" data-id=\"3a4ac33\" data-element_type=\"container\" data-e-type=\"container\">\n\t\t\t\t\t<div class=\"e-con-inner\">\n\t\t\t\t<div class=\"elementor-element elementor-element-4cac3bf elementor-widget elementor-widget-heading\" data-id=\"4cac3bf\" data-element_type=\"widget\" data-e-type=\"widget\" data-widget_type=\"heading.default\">\n\t\t\t\t<div class=\"elementor-widget-container\">\n\t\t\t\t\t<h2 class=\"elementor-heading-title elementor-size-default\">Patrocinios<\/h2>\t\t\t\t<\/div>\n\t\t\t\t<\/div>\n\t\t\t\t\t<\/div>\n\t\t\t\t<\/div>\n\t\t<div class=\"elementor-element elementor-element-53cb5ca e-flex e-con-boxed e-con e-parent\" data-id=\"53cb5ca\" data-element_type=\"container\" data-e-type=\"container\">\n\t\t\t\t\t<div class=\"e-con-inner\">\n\t\t<div class=\"elementor-element elementor-element-13dcc16 e-con-full e-flex e-con e-child\" data-id=\"13dcc16\" data-element_type=\"container\" data-e-type=\"container\">\n\t\t\t\t<div class=\"elementor-element elementor-element-0c22287 elementor-widget elementor-widget-image\" data-id=\"0c22287\" data-element_type=\"widget\" data-e-type=\"widget\" data-widget_type=\"image.default\">\n\t\t\t\t<div class=\"elementor-widget-container\">\n\t\t\t\t\t\t\t\t\t\t\t\t\t\t\t<img loading=\"lazy\" decoding=\"async\" width=\"828\" height=\"552\" src=\"https:\/\/topinvestmentspanama.com\/wp-content\/uploads\/2025\/10\/chichica.webp\" class=\"attachment-large size-large wp-image-5295\" alt=\"\" srcset=\"https:\/\/topinvestmentspanama.com\/wp-content\/uploads\/2025\/10\/chichica.webp 960w, https:\/\/topinvestmentspanama.com\/wp-content\/uploads\/2025\/10\/chichica-300x200.webp 300w, https:\/\/topinvestmentspanama.com\/wp-content\/uploads\/2025\/10\/chichica-768x512.webp 768w, https:\/\/topinvestmentspanama.com\/wp-content\/uploads\/2025\/10\/chichica-18x12.webp 18w, https:\/\/topinvestmentspanama.com\/wp-content\/uploads\/2025\/10\/chichica-150x100.webp 150w, https:\/\/topinvestmentspanama.com\/wp-content\/uploads\/2025\/10\/chichica-488x326.webp 488w\" sizes=\"(max-width: 828px) 100vw, 828px\" \/>\t\t\t\t\t\t\t\t\t\t\t\t\t\t\t<\/div>\n\t\t\t\t<\/div>\n\t\t\t\t<\/div>\n\t\t<div class=\"elementor-element elementor-element-db17f33 e-con-full e-flex e-con e-child\" data-id=\"db17f33\" data-element_type=\"container\" data-e-type=\"container\">\n\t\t\t\t<div class=\"elementor-element elementor-element-c33df88 elementor-widget elementor-widget-image\" data-id=\"c33df88\" data-element_type=\"widget\" data-e-type=\"widget\" data-widget_type=\"image.default\">\n\t\t\t\t<div class=\"elementor-widget-container\">\n\t\t\t\t\t\t\t\t\t\t\t\t\t\t\t<img loading=\"lazy\" decoding=\"async\" width=\"828\" height=\"556\" src=\"https:\/\/topinvestmentspanama.com\/wp-content\/uploads\/2025\/10\/chichica-2-1024x688.webp\" class=\"attachment-large size-large wp-image-5302\" alt=\"\" srcset=\"https:\/\/topinvestmentspanama.com\/wp-content\/uploads\/2025\/10\/chichica-2-1024x688.webp 1024w, https:\/\/topinvestmentspanama.com\/wp-content\/uploads\/2025\/10\/chichica-2-300x202.webp 300w, https:\/\/topinvestmentspanama.com\/wp-content\/uploads\/2025\/10\/chichica-2-768x516.webp 768w, https:\/\/topinvestmentspanama.com\/wp-content\/uploads\/2025\/10\/chichica-2-18x12.webp 18w, https:\/\/topinvestmentspanama.com\/wp-content\/uploads\/2025\/10\/chichica-2-150x101.webp 150w, https:\/\/topinvestmentspanama.com\/wp-content\/uploads\/2025\/10\/chichica-2.webp 1080w\" sizes=\"(max-width: 828px) 100vw, 828px\" \/>\t\t\t\t\t\t\t\t\t\t\t\t\t\t\t<\/div>\n\t\t\t\t<\/div>\n\t\t\t\t<\/div>\n\t\t<div class=\"elementor-element elementor-element-eaeb884 e-con-full e-flex e-con e-child\" data-id=\"eaeb884\" data-element_type=\"container\" data-e-type=\"container\">\n\t\t\t\t<div class=\"elementor-element elementor-element-8d451c6 elementor-widget elementor-widget-text-editor\" data-id=\"8d451c6\" data-element_type=\"widget\" data-e-type=\"widget\" data-widget_type=\"text-editor.default\">\n\t\t\t\t<div class=\"elementor-widget-container\">\n\t\t\t\t\t\t\t\t\t<p><span style=\"font-weight: 400;\">Top Investments Panama se enorgullece de anunciar su patrocinio para el a\u00f1o 2025-2026 a la <a href=\"https:\/\/chichica.org\/\" target=\"_blank\" rel=\"noopener\"><strong>Fundaci\u00f3n Chichica.<\/strong><\/a><\/span><\/p><p><a href=\"https:\/\/chichica.org\/\" target=\"_blank\" rel=\"noopener\"><b>Fundaci\u00f3n Chichica<\/b><\/a><span style=\"font-weight: 400;\">, tiene como misi\u00f3n proporcionar a los ni\u00f1os de las \u00e1reas rurales excluidas de Penonom\u00e9 (Panam\u00e1), un mejor acceso y los recursos necesarios para asistir a la escuela de manera regular.<\/span><\/p>\t\t\t\t\t\t\t\t<\/div>\n\t\t\t\t<\/div>\n\t\t\t\t<\/div>\n\t\t\t\t\t<\/div>\n\t\t\t\t<\/div>\n\t\t<div class=\"elementor-element elementor-element-3735186 e-flex e-con-boxed e-con e-parent\" data-id=\"3735186\" data-element_type=\"container\" data-e-type=\"container\">\n\t\t\t\t\t<div class=\"e-con-inner\">\n\t\t\t\t<div class=\"elementor-element elementor-element-d1231f5 elementor-widget elementor-widget-heading\" data-id=\"d1231f5\" data-element_type=\"widget\" data-e-type=\"widget\" data-widget_type=\"heading.default\">\n\t\t\t\t<div class=\"elementor-widget-container\">\n\t\t\t\t\t<h2 class=\"elementor-heading-title elementor-size-default\">\u00danete a Nosotros en Nuestra Misi\u00f3n<\/h2>\t\t\t\t<\/div>\n\t\t\t\t<\/div>\n\t\t\t\t\t<\/div>\n\t\t\t\t<\/div>\n\t\t<div class=\"elementor-element elementor-element-8025e12 e-flex e-con-boxed e-con e-parent\" data-id=\"8025e12\" data-element_type=\"container\" data-e-type=\"container\">\n\t\t\t\t\t<div class=\"e-con-inner\">\n\t\t<div class=\"elementor-element elementor-element-1c23b45 e-con-full e-flex e-con e-child\" data-id=\"1c23b45\" data-element_type=\"container\" data-e-type=\"container\">\n\t\t\t\t<div class=\"elementor-element elementor-element-80dbb83 elementor-widget elementor-widget-image\" data-id=\"80dbb83\" data-element_type=\"widget\" data-e-type=\"widget\" data-widget_type=\"image.default\">\n\t\t\t\t<div class=\"elementor-widget-container\">\n\t\t\t\t\t\t\t\t\t\t\t\t\t\t\t<img loading=\"lazy\" decoding=\"async\" width=\"740\" height=\"493\" src=\"https:\/\/topinvestmentspanama.com\/wp-content\/uploads\/2025\/10\/mision-2.webp\" class=\"attachment-large size-large wp-image-5301\" alt=\"\" srcset=\"https:\/\/topinvestmentspanama.com\/wp-content\/uploads\/2025\/10\/mision-2.webp 740w, https:\/\/topinvestmentspanama.com\/wp-content\/uploads\/2025\/10\/mision-2-300x200.webp 300w, https:\/\/topinvestmentspanama.com\/wp-content\/uploads\/2025\/10\/mision-2-18x12.webp 18w, https:\/\/topinvestmentspanama.com\/wp-content\/uploads\/2025\/10\/mision-2-150x100.webp 150w, https:\/\/topinvestmentspanama.com\/wp-content\/uploads\/2025\/10\/mision-2-488x326.webp 488w\" sizes=\"(max-width: 740px) 100vw, 740px\" \/>\t\t\t\t\t\t\t\t\t\t\t\t\t\t\t<\/div>\n\t\t\t\t<\/div>\n\t\t\t\t<\/div>\n\t\t<div class=\"elementor-element elementor-element-7ef4b2f e-con-full e-flex e-con e-child\" data-id=\"7ef4b2f\" data-element_type=\"container\" data-e-type=\"container\">\n\t\t\t\t<div class=\"elementor-element elementor-element-5221e12 elementor-widget elementor-widget-text-editor\" data-id=\"5221e12\" data-element_type=\"widget\" data-e-type=\"widget\" data-widget_type=\"text-editor.default\">\n\t\t\t\t<div class=\"elementor-widget-container\">\n\t\t\t\t\t\t\t\t\t<p><span style=\"font-weight: 400;\">Invitamos a nuestros clientes, socios y miembros de la comunidad a unirse a nosotros en esta misi\u00f3n. Cada transacci\u00f3n con Top Investments Panama contribuye directamente a estas iniciativas sociales, ayudando a construir un futuro m\u00e1s sostenible y equitativo.<\/span><\/p><p><span style=\"font-weight: 400;\">En Top Investments Panama, no solo vendemos propiedades; construimos comunidades pr\u00f3speras y sostenibles. \u00a1\u00danete a nosotros en este viaje hacia un ma\u00f1ana mejor!<\/span><\/p>\t\t\t\t\t\t\t\t<\/div>\n\t\t\t\t<\/div>\n\t\t\t\t<\/div>\n\t\t\t\t\t<\/div>\n\t\t\t\t<\/div>\n\t\t\t\t<\/div>","protected":false},"excerpt":{"rendered":"<p>Building a Better Future Together At Top Investments Panama, we firmly believe in social responsibility and contributing to the well-being of the communities in which we work. It\u2019s not just about selling properties; it\u2019s about building sustainable homes and supporting initiatives that promote positive change. Here is our social commitment: 1. Environmental Sustainability We are&#8230;<\/p>","protected":false},"author":1,"featured_media":0,"parent":0,"menu_order":0,"comment_status":"closed","ping_status":"closed","template":"","meta":{"footnotes":""},"class_list":["post-5133","page","type-page","status-publish","hentry"],"_links":{"self":[{"href":"https:\/\/topinvestmentspanama.com\/es\/wp-json\/wp\/v2\/pages\/5133","targetHints":{"allow":["GET"]}}],"collection":[{"href":"https:\/\/topinvestmentspanama.com\/es\/wp-json\/wp\/v2\/pages"}],"about":[{"href":"https:\/\/topinvestmentspanama.com\/es\/wp-json\/wp\/v2\/types\/page"}],"author":[{"embeddable":true,"href":"https:\/\/topinvestmentspanama.com\/es\/wp-json\/wp\/v2\/users\/1"}],"replies":[{"embeddable":true,"href":"https:\/\/topinvestmentspanama.com\/es\/wp-json\/wp\/v2\/comments?post=5133"}],"version-history":[{"count":0,"href":"https:\/\/topinvestmentspanama.com\/es\/wp-json\/wp\/v2\/pages\/5133\/revisions"}],"wp:attachment":[{"href":"https:\/\/topinvestmentspanama.com\/es\/wp-json\/wp\/v2\/media?parent=5133"}],"curies":[{"name":"wp","href":"https:\/\/api.w.org\/{rel}","templated":true}]}}